{"id":93,"date":"2016-09-21T08:46:32","date_gmt":"2016-09-21T08:46:32","guid":{"rendered":"http:\/\/www.injektordemontage.de\/?page_id=93"},"modified":"2022-04-09T09:12:41","modified_gmt":"2022-04-09T09:12:41","slug":"startseite","status":"publish","type":"page","link":"https:\/\/www.injektordemontage.de\/","title":{"rendered":"Startseite"},"content":{"rendered":"<p><!-- Global site tag (gtag.js) - Google Analytics --><br \/>\n<script async=\"\" src=\"https:\/\/www.googletagmanager.com\/gtag\/js?id=UA-114993669-1\"><\/script><br \/>\n<script><br \/>\n  window.dataLayer = window.dataLayer || [];<br \/>\n  function gtag(){dataLayer.push(arguments);}<br \/>\n  gtag('js', new Date());<\/p>\n<p>  gtag('config', 'UA-114993669-1');<br \/>\n<\/script><\/p>\n<h1><strong><span style=\"color: #ff6600;\">Herzlich willkommen bei<\/span><\/strong><\/h1>\n<h1><strong><span style=\"color: #ff6600;\">Kfz Meisterbetrieb Andreas Sporrer<\/span><\/strong><\/h1>\n<h6>Wir sind ein Kfz Meisterbetrieb der sich darauf spezialisiert hat, festsitzende und abgerissene Injektoren und Gl\u00fchkerzen zu demontieren. Nur im eingebauten Zustand und ohne Demontage des Zylinderkopfes. Egal wo der Injektor oder die Gl\u00fchkerze abgerissen ist! Wir k\u00f6nnen auch abgerissene Gl\u00fchspitzen demontieren! Injektoren und Gl\u00fchkerzen \u00a0k\u00f6nnen von uns in jeder Werkstatt demontiert bzw. ausgebohrt werden. Wir kommen direkt zu Ihrer Werkstatt und helfen vor Ort! Aus diesem Grund z\u00e4hlen namhafte Firmen zu unseren Kunden. Nat\u00fcrlich bieten wir unseren Service auch in unserer Werkstatt an. Wir beantworten gerne jede Frage!<\/h6>\n<h4 style=\"text-align: center;\"><span style=\"color: #ff6600;\"><strong><a style=\"color: #ff6600;\" href=\"https:\/\/www.injektordemontage.de\/?page_id=38\">Kontakt<\/a><\/strong><\/span><\/h4>\n","protected":false},"excerpt":{"rendered":"<p>Herzlich willkommen bei Kfz Meisterbetrieb Andreas Sporrer Wir sind ein Kfz Meisterbetrieb der sich darauf spezialisiert hat, festsitzende und abgerissene Injektoren und Gl\u00fchkerzen zu demontieren. Nur im eingebauten Zustand und ohne Demontage des Zylinderkopfes. Egal wo der Injektor oder die Gl\u00fchkerze abgerissen ist! Wir k\u00f6nnen auch abgerissene Gl\u00fchspitzen demontieren! Injektoren und Gl\u00fchkerzen \u00a0k\u00f6nnen von uns &hellip; <a href=\"https:\/\/www.injektordemontage.de\/\" class=\"more-link\"><span class=\"screen-reader-text\">Startseite<\/span> weiterlesen <span class=\"meta-nav\">&rarr;<\/span><\/a><\/p>\n","protected":false},"author":1,"featured_media":0,"parent":0,"menu_order":0,"comment_status":"closed","ping_status":"closed","template":"","meta":{"jetpack_post_was_ever_published":false,"footnotes":""},"class_list":["post-93","page","type-page","status-publish","hentry"],"jetpack_sharing_enabled":true,"jetpack_shortlink":"https:\/\/wp.me\/P89el3-1v","jetpack-related-posts":[],"_links":{"self":[{"href":"https:\/\/www.injektordemontage.de\/index.php?rest_route=\/wp\/v2\/pages\/93","targetHints":{"allow":["GET"]}}],"collection":[{"href":"https:\/\/www.injektordemontage.de\/index.php?rest_route=\/wp\/v2\/pages"}],"about":[{"href":"https:\/\/www.injektordemontage.de\/index.php?rest_route=\/wp\/v2\/types\/page"}],"author":[{"embeddable":true,"href":"https:\/\/www.injektordemontage.de\/index.php?rest_route=\/wp\/v2\/users\/1"}],"replies":[{"embeddable":true,"href":"https:\/\/www.injektordemontage.de\/index.php?rest_route=%2Fwp%2Fv2%2Fcomments&post=93"}],"version-history":[{"count":12,"href":"https:\/\/www.injektordemontage.de\/index.php?rest_route=\/wp\/v2\/pages\/93\/revisions"}],"predecessor-version":[{"id":227,"href":"https:\/\/www.injektordemontage.de\/index.php?rest_route=\/wp\/v2\/pages\/93\/revisions\/227"}],"wp:attachment":[{"href":"https:\/\/www.injektordemontage.de\/index.php?rest_route=%2Fwp%2Fv2%2Fmedia&parent=93"}],"curies":[{"name":"wp","href":"https:\/\/api.w.org\/{rel}","templated":true}]}}