{"id":40,"date":"2016-08-16T14:39:12","date_gmt":"2016-08-16T14:39:12","guid":{"rendered":"http:\/\/www.injektordemontage.de\/?page_id=40"},"modified":"2018-06-03T14:14:53","modified_gmt":"2018-06-03T14:14:53","slug":"impressum","status":"publish","type":"page","link":"https:\/\/www.injektordemontage.de\/?page_id=40","title":{"rendered":"Impressum"},"content":{"rendered":"<p><!-- Global site tag (gtag.js) - Google Analytics --><br \/>\n<script async src=\"https:\/\/www.googletagmanager.com\/gtag\/js?id=UA-114993669-1\"><\/script><br \/>\n<script>\n  window.dataLayer = window.dataLayer || [];\n  function gtag(){dataLayer.push(arguments);}\n  gtag('js', new Date());<\/p>\n<p>  gtag('config', 'UA-114993669-1');\n<\/script><br \/>\nImpressum<\/p>\n<p>Kfz &#8211; Meisterbetrieb Andreas Sporrer<\/p>\n<p>Frauenholz 19<br \/>\n94428 Eichendorf<\/p>\n<p>Internet: www.injektordemontage.de<\/p>\n<p>Gesch\u00e4ftsf\u00fchrer: Andreas Sporrer<br \/>\nUmsatzsteuer-Identifikationsnummer gem\u00e4\u00df \u00a7 27a: DE 199304791<br \/>\nSteuer-Nr.: 1017570099<\/p>\n","protected":false},"excerpt":{"rendered":"<p>Impressum Kfz &#8211; Meisterbetrieb Andreas Sporrer Frauenholz 19 94428 Eichendorf Internet: www.injektordemontage.de Gesch\u00e4ftsf\u00fchrer: Andreas Sporrer Umsatzsteuer-Identifikationsnummer gem\u00e4\u00df \u00a7 27a: DE 199304791 Steuer-Nr.: 1017570099<\/p>\n","protected":false},"author":1,"featured_media":0,"parent":0,"menu_order":0,"comment_status":"closed","ping_status":"closed","template":"","meta":{"jetpack_post_was_ever_published":false,"footnotes":""},"class_list":["post-40","page","type-page","status-publish","hentry"],"jetpack_sharing_enabled":true,"jetpack_shortlink":"https:\/\/wp.me\/P89el3-E","jetpack-related-posts":[],"_links":{"self":[{"href":"https:\/\/www.injektordemontage.de\/index.php?rest_route=\/wp\/v2\/pages\/40","targetHints":{"allow":["GET"]}}],"collection":[{"href":"https:\/\/www.injektordemontage.de\/index.php?rest_route=\/wp\/v2\/pages"}],"about":[{"href":"https:\/\/www.injektordemontage.de\/index.php?rest_route=\/wp\/v2\/types\/page"}],"author":[{"embeddable":true,"href":"https:\/\/www.injektordemontage.de\/index.php?rest_route=\/wp\/v2\/users\/1"}],"replies":[{"embeddable":true,"href":"https:\/\/www.injektordemontage.de\/index.php?rest_route=%2Fwp%2Fv2%2Fcomments&post=40"}],"version-history":[{"count":5,"href":"https:\/\/www.injektordemontage.de\/index.php?rest_route=\/wp\/v2\/pages\/40\/revisions"}],"predecessor-version":[{"id":172,"href":"https:\/\/www.injektordemontage.de\/index.php?rest_route=\/wp\/v2\/pages\/40\/revisions\/172"}],"wp:attachment":[{"href":"https:\/\/www.injektordemontage.de\/index.php?rest_route=%2Fwp%2Fv2%2Fmedia&parent=40"}],"curies":[{"name":"wp","href":"https:\/\/api.w.org\/{rel}","templated":true}]}}